{"id":10594,"date":"2026-03-05T16:52:31","date_gmt":"2026-03-05T16:52:31","guid":{"rendered":"https:\/\/www.verticeservices.com\/?page_id=10594"},"modified":"2026-04-02T22:41:23","modified_gmt":"2026-04-02T21:41:23","slug":"webinario-confirmado","status":"publish","type":"page","link":"https:\/\/www.verticeservices.com\/pt-br\/webinario-confirmado\/","title":{"rendered":"P\u00e1gina de Obrigado"},"content":{"rendered":"\t\t<div data-elementor-type=\"wp-page\" data-elementor-id=\"10594\" class=\"elementor elementor-10594\" data-elementor-post-type=\"page\">\n\t\t\t\t<div class=\"elementor-element elementor-element-b21b362 e-flex e-con-boxed e-con e-parent\" data-id=\"b21b362\" data-element_type=\"container\" data-e-type=\"container\" data-settings=\"{&quot;background_background&quot;:&quot;classic&quot;}\" fetchpriority=\"high\">\n\t\t\t\t\t<div class=\"e-con-inner\">\n\t\t\t\t<div class=\"elementor-element elementor-element-55f40d5 elementor-widget elementor-widget-image\" data-id=\"55f40d5\" data-element_type=\"widget\" data-e-type=\"widget\" data-widget_type=\"image.default\">\n\t\t\t\t\t\t\t\t\t\t\t\t\t\t\t<img decoding=\"async\" width=\"234\" height=\"67\" src=\"https:\/\/www.verticeservices.com\/wp-content\/uploads\/2026\/01\/logo-vertice-dark-1.png\" class=\"attachment-full size-full wp-image-10390\" alt=\"\" title=\"\">\t\t\t\t\t\t\t\t\t\t\t\t\t\t\t<\/div>\n\t\t\t\t<div class=\"elementor-element elementor-element-bf5331b elementor-widget__width-initial elementor-widget elementor-widget-heading\" data-id=\"bf5331b\" data-element_type=\"widget\" data-e-type=\"widget\" data-widget_type=\"heading.default\">\n\t\t\t\t\t<h2 class=\"elementor-heading-title elementor-size-default\">Inscri\u00e7\u00e3o CONCLUIDA! <img decoding=\"async\" role=\"img\" class=\"emoji\" alt=\"\u2705\" src=\"https:\/\/s.w.org\/images\/core\/emoji\/17.0.2\/svg\/2705.svg\" title=\"\"><\/h2>\t\t\t\t<\/div>\n\t\t\t\t<div class=\"elementor-element elementor-element-075fb24 elementor-widget-mobile__width-initial elementor-widget elementor-widget-heading\" data-id=\"075fb24\" data-element_type=\"widget\" data-e-type=\"widget\" data-widget_type=\"heading.default\">\n\t\t\t\t\t<h2 class=\"elementor-heading-title elementor-size-default\">Sua vaga na Limited Company Session est\u00e1 garantida.<\/h2>\t\t\t\t<\/div>\n\t\t\t\t<div class=\"elementor-element elementor-element-aa8c13e elementor-widget__width-initial elementor-widget elementor-widget-text-editor\" data-id=\"aa8c13e\" data-element_type=\"widget\" data-e-type=\"widget\" data-widget_type=\"text-editor.default\">\n\t\t\t\t\t\t\t\t\t<p><span style=\"font-weight: 400;\">Em breve voc\u00ea vai entender <strong>o que o MTD muda para quem opera como Self-Employed no UK <\/strong><\/span><span style=\"font-weight: 400;\">e como avaliar se uma Limited Company \u00e9 a estrutura certa para o seu momento.<\/span><\/p>\n<p><span style=\"font-weight: 400;\">O link de acesso ser\u00e1 enviado para o seu e-mail.<\/span><\/p>\t\t\t\t\t\t\t\t<\/div>\n\t\t\t\t<div class=\"elementor-element elementor-element-46bfe74 elementor-widget-mobile__width-initial elementor-widget elementor-widget-heading\" data-id=\"46bfe74\" data-element_type=\"widget\" data-e-type=\"widget\" data-widget_type=\"heading.default\">\n\t\t\t\t\t<h2 class=\"elementor-heading-title elementor-size-default\">Ter\u00e7a-feira, dia <b>21 de Abril<\/b> \u00e0s  <b>3PM UK<\/b> - Ao vivo (online)\n<\/h2>\t\t\t\t<\/div>\n\t\t\t\t<div class=\"elementor-element elementor-element-d93be59 elementor-countdown--label-inline elementor-widget elementor-widget-countdown\" data-id=\"d93be59\" data-element_type=\"widget\" data-e-type=\"widget\" data-widget_type=\"countdown.default\">\n\t\t\t\t\t\t\t<div class=\"elementor-countdown-wrapper\" data-date=\"1776780000\">\n\t\t\t<div class=\"elementor-countdown-item\"><span class=\"elementor-countdown-digits elementor-countdown-days\"><\/span> <span class=\"elementor-countdown-label\">Dias<\/span><\/div><div class=\"elementor-countdown-item\"><span class=\"elementor-countdown-digits elementor-countdown-hours\"><\/span> <span class=\"elementor-countdown-label\">Horas<\/span><\/div><div class=\"elementor-countdown-item\"><span class=\"elementor-countdown-digits elementor-countdown-minutes\"><\/span> <span class=\"elementor-countdown-label\">Minutos<\/span><\/div><div class=\"elementor-countdown-item\"><span class=\"elementor-countdown-digits elementor-countdown-seconds\"><\/span> <span class=\"elementor-countdown-label\">s<\/span><\/div>\t\t<\/div>\n\t\t\t\t\t\t<\/div>\n\t\t\t\t\t<\/div>\n\t\t\t\t<\/div>\n\t\t<div class=\"elementor-element elementor-element-f98f559 e-flex e-con-boxed e-con e-parent\" data-id=\"f98f559\" data-element_type=\"container\" data-e-type=\"container\" data-settings=\"{&quot;background_background&quot;:&quot;classic&quot;}\">\n\t\t\t\t\t<div class=\"e-con-inner\">\n\t\t<div class=\"elementor-element elementor-element-b822395 e-con-full e-flex e-con e-child\" data-id=\"b822395\" data-element_type=\"container\" data-e-type=\"container\">\n\t\t\t\t<div class=\"elementor-element elementor-element-b665323 elementor-widget__width-initial elementor-widget elementor-widget-heading\" data-id=\"b665323\" data-element_type=\"widget\" data-e-type=\"widget\" data-widget_type=\"heading.default\">\n\t\t\t\t\t<h2 class=\"elementor-heading-title elementor-size-default\">@2026 Vertice Services. Todos os direitos reservados<\/h2>\t\t\t\t<\/div>\n\t\t\t\t<div class=\"elementor-element elementor-element-e267c86 elementor-widget__width-initial elementor-widget elementor-widget-heading\" data-id=\"e267c86\" data-element_type=\"widget\" data-e-type=\"widget\" data-widget_type=\"heading.default\">\n\t\t\t\t\t<h2 class=\"elementor-heading-title elementor-size-default\"><a href=\"https:\/\/www.verticeservices.com\/cookie-policy\/\">Pol\u00edtica De Privacidade<\/a><\/h2>\t\t\t\t<\/div>\n\t\t\t\t<div class=\"elementor-element elementor-element-2571460 elementor-widget__width-initial elementor-widget elementor-widget-heading\" data-id=\"2571460\" data-element_type=\"widget\" data-e-type=\"widget\" data-widget_type=\"heading.default\">\n\t\t\t\t\t<h2 class=\"elementor-heading-title elementor-size-default\"><a href=\"https:\/\/www.verticeservices.com\/terms-conditions\/\">Termos de Uso<\/a><\/h2>\t\t\t\t<\/div>\n\t\t\t\t<\/div>\n\t\t\t\t\t<\/div>\n\t\t\t\t<\/div>\n\t\t\t\t<\/div>\n\t\t","protected":false},"excerpt":{"rendered":"<p>Inscri\u00e7\u00e3o CONCLUIDA! Sua vaga na Limited Company Session est\u00e1 garantida. Em breve voc\u00ea vai entender o que o MTD muda para quem opera como Self-Employed no UK e como avaliar se uma Limited Company \u00e9 a estrutura certa para o seu momento. O link de acesso ser\u00e1 enviado para o seu e-mail. Ter\u00e7a-feira, dia 21 [&hellip;]<\/p>\n","protected":false},"author":10,"featured_media":0,"parent":0,"menu_order":0,"comment_status":"closed","ping_status":"closed","template":"elementor_canvas","meta":{"content-type":"","footnotes":""},"class_list":["post-10594","page","type-page","status-publish","hentry"],"_links":{"self":[{"href":"https:\/\/www.verticeservices.com\/pt-br\/wp-json\/wp\/v2\/pages\/10594","targetHints":{"allow":["GET"]}}],"collection":[{"href":"https:\/\/www.verticeservices.com\/pt-br\/wp-json\/wp\/v2\/pages"}],"about":[{"href":"https:\/\/www.verticeservices.com\/pt-br\/wp-json\/wp\/v2\/types\/page"}],"author":[{"embeddable":true,"href":"https:\/\/www.verticeservices.com\/pt-br\/wp-json\/wp\/v2\/users\/10"}],"replies":[{"embeddable":true,"href":"https:\/\/www.verticeservices.com\/pt-br\/wp-json\/wp\/v2\/comments?post=10594"}],"version-history":[{"count":11,"href":"https:\/\/www.verticeservices.com\/pt-br\/wp-json\/wp\/v2\/pages\/10594\/revisions"}],"predecessor-version":[{"id":10727,"href":"https:\/\/www.verticeservices.com\/pt-br\/wp-json\/wp\/v2\/pages\/10594\/revisions\/10727"}],"wp:attachment":[{"href":"https:\/\/www.verticeservices.com\/pt-br\/wp-json\/wp\/v2\/media?parent=10594"}],"curies":[{"name":"wp","href":"https:\/\/api.w.org\/{rel}","templated":true}]}}