{"id":10620,"date":"2026-03-09T10:14:49","date_gmt":"2026-03-09T10:14:49","guid":{"rendered":"https:\/\/www.verticeservices.com\/?page_id=10620"},"modified":"2026-04-02T19:33:27","modified_gmt":"2026-04-02T18:33:27","slug":"webnario-mtd","status":"publish","type":"page","link":"https:\/\/www.verticeservices.com\/pt-br\/webnario-mtd\/","title":{"rendered":"Webinario MTD"},"content":{"rendered":"\t\t<div data-elementor-type=\"wp-page\" data-elementor-id=\"10620\" class=\"elementor elementor-10620\" data-elementor-post-type=\"page\">\n\t\t\t\t<div class=\"elementor-element elementor-element-969b470 e-flex e-con-boxed e-con e-parent\" data-id=\"969b470\" data-element_type=\"container\" data-e-type=\"container\" data-settings=\"{&quot;background_background&quot;:&quot;classic&quot;}\" fetchpriority=\"high\">\n\t\t\t\t\t<div class=\"e-con-inner\">\n\t\t\t\t<div class=\"elementor-element elementor-element-b605643 elementor-widget elementor-widget-image\" data-id=\"b605643\" data-element_type=\"widget\" data-e-type=\"widget\" data-widget_type=\"image.default\">\n\t\t\t\t\t\t\t\t\t\t\t\t\t\t\t<img decoding=\"async\" width=\"234\" height=\"67\" src=\"https:\/\/www.verticeservices.com\/wp-content\/uploads\/2026\/01\/logo-vertice-dark-1.png\" class=\"attachment-full size-full wp-image-10390\" alt=\"\" title=\"\">\t\t\t\t\t\t\t\t\t\t\t\t\t\t\t<\/div>\n\t\t\t\t<div class=\"elementor-element elementor-element-1b63f63 elementor-widget elementor-widget-heading\" data-id=\"1b63f63\" data-element_type=\"widget\" data-e-type=\"widget\" data-widget_type=\"heading.default\">\n\t\t\t\t\t<h2 class=\"elementor-heading-title elementor-size-default\">Webin\u00e1rio Gratuito<\/h2>\t\t\t\t<\/div>\n\t\t\t\t<div class=\"elementor-element elementor-element-2e8cab7 elementor-widget__width-initial elementor-widget elementor-widget-heading\" data-id=\"2e8cab7\" data-element_type=\"widget\" data-e-type=\"widget\" data-widget_type=\"heading.default\">\n\t\t\t\t\t<h2 class=\"elementor-heading-title elementor-size-default\"><font color=\"#1f265f\"><span style=\"text-transform: uppercase\"><b>\n  Making Tax Digital (MTD) no Reino Unido 2026:\n  <\/b><\/span><\/font>\n  <span>\n   O que muda e como voc\u00ea deve se preparar.\n  <\/span>\n\n<\/h2>\t\t\t\t<\/div>\n\t\t\t\t<div class=\"elementor-element elementor-element-9209730 elementor-widget__width-initial elementor-widget elementor-widget-text-editor\" data-id=\"9209730\" data-element_type=\"widget\" data-e-type=\"widget\" data-widget_type=\"text-editor.default\">\n\t\t\t\t\t\t\t\t\t<p>Assista agora a grava\u00e7\u00e3o do Webin\u00e1rio de Ter\u00e7a-Feira, 24 de Fevereiro de 2026 com o especialista em Tributa\u00e7\u00e3o UK, Rodolfo Bas\u00edlio.<\/p>\t\t\t\t\t\t\t\t<\/div>\n\t\t<div class=\"elementor-element elementor-element-f90a7da e-con-full e-flex e-con e-child\" data-id=\"f90a7da\" data-element_type=\"container\" data-e-type=\"container\">\n\t\t\t\t<div class=\"elementor-element elementor-element-39745be elementor-widget elementor-widget-html\" data-id=\"39745be\" data-element_type=\"widget\" data-e-type=\"widget\" data-widget_type=\"html.default\">\n\t\t\t\t\t<div class=\"video-wrapper\">\r\n  <iframe \r\n    src=\"https:\/\/www.youtube.com\/embed\/O5qhLdr9V24?si=-L6QT0DHD_IHdS08\"\r\n    title=\"YouTube video player\"\r\n    frameborder=\"0\"\r\n    allow=\"accelerometer; autoplay; clipboard-write; encrypted-media; gyroscope; picture-in-picture; web-share\"\r\n    allowfullscreen>\r\n  <\/iframe>\r\n<\/div>\t\t\t\t<\/div>\n\t\t\t\t<\/div>\n\t\t\t\t<div class=\"elementor-element elementor-element-0d51540 elementor-mobile-align-center elementor-widget-mobile__width-initial elementor-hidden-desktop elementor-hidden-tablet elementor-hidden-mobile elementor-widget elementor-widget-button\" data-id=\"0d51540\" data-element_type=\"widget\" data-e-type=\"widget\" data-widget_type=\"button.default\">\n\t\t\t\t\t\t\t\t\t\t<a class=\"elementor-button elementor-button-link elementor-size-sm\" href=\"https:\/\/www.verticeservices.com\/contact\/\">\n\t\t\t\t\t\t<span class=\"elementor-button-content-wrapper\">\n\t\t\t\t\t\t\t\t\t<span class=\"elementor-button-text\">Agende sua consulta GRATUITAMENTE!<\/span>\n\t\t\t\t\t<\/span>\n\t\t\t\t\t<\/a>\n\t\t\t\t\t\t\t\t<\/div>\n\t\t\t\t\t<\/div>\n\t\t\t\t<\/div>\n\t\t<div class=\"elementor-element elementor-element-11d89dc e-flex e-con-boxed e-con e-parent\" data-id=\"11d89dc\" data-element_type=\"container\" data-e-type=\"container\" data-settings=\"{&quot;background_background&quot;:&quot;classic&quot;}\">\n\t\t\t\t\t<div class=\"e-con-inner\">\n\t\t\t\t<div class=\"elementor-element elementor-element-79c9654 elementor-widget-tablet__width-initial elementor-widget__width-initial elementor-widget elementor-widget-heading\" data-id=\"79c9654\" data-element_type=\"widget\" data-e-type=\"widget\" data-widget_type=\"heading.default\">\n\t\t\t\t\t<h2 class=\"elementor-heading-title elementor-size-default\">\n  \n<span> \n  Agende sua consulta\n  <\/span>\n\n\n<span style=\"color: #1F265F;font-weight: 700;text-transform: uppercase\">\n    gratuitamente \n  <\/span>\n  <\/h2>\t\t\t\t<\/div>\n\t\t<div class=\"elementor-element elementor-element-29954e8 e-con-full e-flex e-con e-child\" data-id=\"29954e8\" data-element_type=\"container\" data-e-type=\"container\">\n\t\t\t\t<div class=\"elementor-element elementor-element-7d2d559 elementor-widget elementor-widget-html\" data-id=\"7d2d559\" data-element_type=\"widget\" data-e-type=\"widget\" data-widget_type=\"html.default\">\n\t\t\t\t\t<script src=\"https:\/\/js.hsforms.net\/forms\/embed\/4423948.js\" defer><\/script>\n<div class=\"hs-form-frame\" data-region=\"na1\" data-form-id=\"dd4749d4-1d05-4fa5-8bde-207e3f6f01b3\" data-portal-id=\"4423948\"><\/div>\t\t\t\t<\/div>\n\t\t\t\t<\/div>\n\t\t\t\t\t<\/div>\n\t\t\t\t<\/div>\n\t\t<div class=\"elementor-element elementor-element-62875f4 e-flex e-con-boxed e-con e-parent\" data-id=\"62875f4\" data-element_type=\"container\" data-e-type=\"container\" data-settings=\"{&quot;background_background&quot;:&quot;classic&quot;}\">\n\t\t\t\t\t<div class=\"e-con-inner\">\n\t\t<div class=\"elementor-element elementor-element-c7145f9 e-con-full e-flex e-con e-child\" data-id=\"c7145f9\" data-element_type=\"container\" data-e-type=\"container\">\n\t\t\t\t<div class=\"elementor-element elementor-element-fffe53a elementor-widget elementor-widget-heading\" data-id=\"fffe53a\" data-element_type=\"widget\" data-e-type=\"widget\" data-widget_type=\"heading.default\">\n\t\t\t\t\t<h2 class=\"elementor-heading-title elementor-size-default\">Seu Especialista<\/h2>\t\t\t\t<\/div>\n\t\t\t\t<div class=\"elementor-element elementor-element-a31a052 elementor-widget elementor-widget-heading\" data-id=\"a31a052\" data-element_type=\"widget\" data-e-type=\"widget\" data-widget_type=\"heading.default\">\n\t\t\t\t\t<h2 class=\"elementor-heading-title elementor-size-default\">Rodolfo Basilio<\/h2>\t\t\t\t<\/div>\n\t\t\t\t<div class=\"elementor-element elementor-element-0721a6a elementor-widget elementor-widget-heading\" data-id=\"0721a6a\" data-element_type=\"widget\" data-e-type=\"widget\" data-widget_type=\"heading.default\">\n\t\t\t\t\t<h2 class=\"elementor-heading-title elementor-size-default\">Especialista em Tributa\u00e7\u00e3o UK<\/h2>\t\t\t\t<\/div>\n\t\t<div class=\"elementor-element elementor-element-3a7d5a5 e-con-full e-flex e-con e-child\" data-id=\"3a7d5a5\" data-element_type=\"container\" data-e-type=\"container\">\n\t\t\t\t<div class=\"elementor-element elementor-element-8ba496b elementor-position-inline-start elementor-view-default elementor-mobile-position-block-start elementor-widget elementor-widget-icon-box\" data-id=\"8ba496b\" data-element_type=\"widget\" data-e-type=\"widget\" data-widget_type=\"icon-box.default\">\n\t\t\t\t\t\t\t<div class=\"elementor-icon-box-wrapper\">\n\n\t\t\t\t\t\t<div class=\"elementor-icon-box-icon\">\n\t\t\t\t<span  class=\"elementor-icon\">\n\t\t\t\t\t\t\t\t<\/span>\n\t\t\t<\/div>\n\t\t\t\n\t\t\t\t\t\t<div class=\"elementor-icon-box-content\">\n\n\t\t\t\t\t\t\t\t\t<h3 class=\"elementor-icon-box-title\">\n\t\t\t\t\t\t<span  >\n\t\t\t\t\t\t\tForma\u00e7\u00e3o Especializada\t\t\t\t\t\t<\/span>\n\t\t\t\t\t<\/h3>\n\t\t\t\t\n\t\t\t\t\t\t\t\t\t<p class=\"elementor-icon-box-description\">\n\t\t\t\t\t\tEspecialista em tributa\u00e7\u00e3o internacional com foco no sistema fiscal brit\u00e2nico.\t\t\t\t\t<\/p>\n\t\t\t\t\n\t\t\t<\/div>\n\t\t\t\n\t\t<\/div>\n\t\t\t\t\t\t<\/div>\n\t\t\t\t<div class=\"elementor-element elementor-element-9d30c96 elementor-position-inline-start elementor-view-default elementor-mobile-position-block-start elementor-widget elementor-widget-icon-box\" data-id=\"9d30c96\" data-element_type=\"widget\" data-e-type=\"widget\" data-widget_type=\"icon-box.default\">\n\t\t\t\t\t\t\t<div class=\"elementor-icon-box-wrapper\">\n\n\t\t\t\t\t\t<div class=\"elementor-icon-box-icon\">\n\t\t\t\t<span  class=\"elementor-icon\">\n\t\t\t\t\t\t\t\t<\/span>\n\t\t\t<\/div>\n\t\t\t\n\t\t\t\t\t\t<div class=\"elementor-icon-box-content\">\n\n\t\t\t\t\t\t\t\t\t<h3 class=\"elementor-icon-box-title\">\n\t\t\t\t\t\t<span  >\n\t\t\t\t\t\t\tExperi\u00eancia Comprovada\t\t\t\t\t\t<\/span>\n\t\t\t\t\t<\/h3>\n\t\t\t\t\n\t\t\t\t\t\t\t\t\t<p class=\"elementor-icon-box-description\">\n\t\t\t\t\t\tMais de 20 anos ajudando brasileiros a se adequarem \u00e0s regras fiscais do Reino Unido.\t\t\t\t\t<\/p>\n\t\t\t\t\n\t\t\t<\/div>\n\t\t\t\n\t\t<\/div>\n\t\t\t\t\t\t<\/div>\n\t\t\t\t<div class=\"elementor-element elementor-element-422f602 elementor-position-inline-start elementor-view-default elementor-mobile-position-block-start elementor-widget elementor-widget-icon-box\" data-id=\"422f602\" data-element_type=\"widget\" data-e-type=\"widget\" data-widget_type=\"icon-box.default\">\n\t\t\t\t\t\t\t<div class=\"elementor-icon-box-wrapper\">\n\n\t\t\t\t\t\t<div class=\"elementor-icon-box-icon\">\n\t\t\t\t<span  class=\"elementor-icon\">\n\t\t\t\t\t\t\t\t<\/span>\n\t\t\t<\/div>\n\t\t\t\n\t\t\t\t\t\t<div class=\"elementor-icon-box-content\">\n\n\t\t\t\t\t\t\t\t\t<h3 class=\"elementor-icon-box-title\">\n\t\t\t\t\t\t<span  >\n\t\t\t\t\t\t\tReconhecimento\t\t\t\t\t\t<\/span>\n\t\t\t\t\t<\/h3>\n\t\t\t\t\n\t\t\t\t\t\t\t\t\t<p class=\"elementor-icon-box-description\">\n\t\t\t\t\t\tConsultor de refer\u00eancia para a comunidade brasileira no UK em quest\u00f5es tribut\u00e1rias.\t\t\t\t\t<\/p>\n\t\t\t\t\n\t\t\t<\/div>\n\t\t\t\n\t\t<\/div>\n\t\t\t\t\t\t<\/div>\n\t\t\t\t<div class=\"elementor-element elementor-element-bd3cc6b elementor-position-inline-start elementor-view-default elementor-mobile-position-block-start elementor-widget elementor-widget-icon-box\" data-id=\"bd3cc6b\" data-element_type=\"widget\" data-e-type=\"widget\" data-widget_type=\"icon-box.default\">\n\t\t\t\t\t\t\t<div class=\"elementor-icon-box-wrapper\">\n\n\t\t\t\t\t\t<div class=\"elementor-icon-box-icon\">\n\t\t\t\t<span  class=\"elementor-icon\">\n\t\t\t\t\t\t\t\t<\/span>\n\t\t\t<\/div>\n\t\t\t\n\t\t\t\t\t\t<div class=\"elementor-icon-box-content\">\n\n\t\t\t\t\t\t\t\t\t<h3 class=\"elementor-icon-box-title\">\n\t\t\t\t\t\t<span  >\n\t\t\t\t\t\t\tEspecializa\u00e7\u00e3o Atual\t\t\t\t\t\t<\/span>\n\t\t\t\t\t<\/h3>\n\t\t\t\t\n\t\t\t\t\t\t\t\t\t<p class=\"elementor-icon-box-description\">\n\t\t\t\t\t\tExpert no novo regime Foreign Income Gains e suas implica\u00e7\u00f5es para brasileiros.\t\t\t\t\t<\/p>\n\t\t\t\t\n\t\t\t<\/div>\n\t\t\t\n\t\t<\/div>\n\t\t\t\t\t\t<\/div>\n\t\t\t\t<\/div>\n\t\t\t\t<\/div>\n\t\t<div class=\"elementor-element elementor-element-3779598 e-con-full e-flex e-con e-child\" data-id=\"3779598\" data-element_type=\"container\" data-e-type=\"container\">\n\t\t\t\t<div class=\"elementor-element elementor-element-db24325 elementor-widget-tablet__width-initial elementor-widget elementor-widget-image\" data-id=\"db24325\" data-element_type=\"widget\" data-e-type=\"widget\" data-widget_type=\"image.default\">\n\t\t\t\t\t\t\t\t\t\t\t\t\t\t\t<img fetchpriority=\"high\" decoding=\"async\" width=\"522\" height=\"690\" src=\"https:\/\/www.verticeservices.com\/wp-content\/uploads\/2026\/02\/Foto-Rodolfo-1-1.webp\" class=\"attachment-full size-full wp-image-10543\" alt=\"\" srcset=\"https:\/\/www.verticeservices.com\/wp-content\/uploads\/2026\/02\/Foto-Rodolfo-1-1.webp 522w, https:\/\/www.verticeservices.com\/wp-content\/uploads\/2026\/02\/Foto-Rodolfo-1-1-227x300.webp 227w\" sizes=\"(max-width: 522px) 100vw, 522px\" title=\"\">\t\t\t\t\t\t\t\t\t\t\t\t\t\t\t<\/div>\n\t\t\t\t<\/div>\n\t\t\t\t\t<\/div>\n\t\t\t\t<\/div>\n\t\t<div class=\"elementor-element elementor-element-d914850 e-flex e-con-boxed e-con e-parent\" data-id=\"d914850\" data-element_type=\"container\" data-e-type=\"container\" data-settings=\"{&quot;background_background&quot;:&quot;classic&quot;}\">\n\t\t\t\t\t<div class=\"e-con-inner\">\n\t\t<div class=\"elementor-element elementor-element-264926d e-con-full e-flex e-con e-child\" data-id=\"264926d\" data-element_type=\"container\" data-e-type=\"container\">\n\t\t\t\t<div class=\"elementor-element elementor-element-bbc478c elementor-widget__width-initial elementor-widget elementor-widget-heading\" data-id=\"bbc478c\" data-element_type=\"widget\" data-e-type=\"widget\" data-widget_type=\"heading.default\">\n\t\t\t\t\t<h2 class=\"elementor-heading-title elementor-size-default\">@2026 Vertice Services. Todos os direitos reservados<\/h2>\t\t\t\t<\/div>\n\t\t\t\t<div class=\"elementor-element elementor-element-c817c8e elementor-widget__width-initial elementor-widget elementor-widget-heading\" data-id=\"c817c8e\" data-element_type=\"widget\" data-e-type=\"widget\" data-widget_type=\"heading.default\">\n\t\t\t\t\t<h2 class=\"elementor-heading-title elementor-size-default\"><a href=\"https:\/\/www.verticeservices.com\/cookie-policy\/\">Pol\u00edtica De Privacidade<\/a><\/h2>\t\t\t\t<\/div>\n\t\t\t\t<div class=\"elementor-element elementor-element-f15e165 elementor-widget__width-initial elementor-widget elementor-widget-heading\" data-id=\"f15e165\" data-element_type=\"widget\" data-e-type=\"widget\" data-widget_type=\"heading.default\">\n\t\t\t\t\t<h2 class=\"elementor-heading-title elementor-size-default\"><a href=\"https:\/\/www.verticeservices.com\/terms-conditions\/\">Termos de Uso<\/a><\/h2>\t\t\t\t<\/div>\n\t\t\t\t<\/div>\n\t\t\t\t\t<\/div>\n\t\t\t\t<\/div>\n\t\t\t\t<\/div>\n\t\t","protected":false},"excerpt":{"rendered":"<p>Webin\u00e1rio Gratuito Making Tax Digital (MTD) no Reino Unido 2026: O que muda e como voc\u00ea deve se preparar. Assista agora a grava\u00e7\u00e3o do Webin\u00e1rio de Ter\u00e7a-Feira, 24 de Fevereiro de 2026 com o especialista em Tributa\u00e7\u00e3o UK, Rodolfo Bas\u00edlio. Agende sua consulta GRATUITAMENTE! Agende sua consulta gratuitamente Seu Especialista Rodolfo Basilio Especialista em Tributa\u00e7\u00e3o [&hellip;]<\/p>\n","protected":false},"author":10,"featured_media":0,"parent":0,"menu_order":0,"comment_status":"closed","ping_status":"closed","template":"elementor_canvas","meta":{"content-type":"","footnotes":""},"class_list":["post-10620","page","type-page","status-publish","hentry"],"_links":{"self":[{"href":"https:\/\/www.verticeservices.com\/pt-br\/wp-json\/wp\/v2\/pages\/10620","targetHints":{"allow":["GET"]}}],"collection":[{"href":"https:\/\/www.verticeservices.com\/pt-br\/wp-json\/wp\/v2\/pages"}],"about":[{"href":"https:\/\/www.verticeservices.com\/pt-br\/wp-json\/wp\/v2\/types\/page"}],"author":[{"embeddable":true,"href":"https:\/\/www.verticeservices.com\/pt-br\/wp-json\/wp\/v2\/users\/10"}],"replies":[{"embeddable":true,"href":"https:\/\/www.verticeservices.com\/pt-br\/wp-json\/wp\/v2\/comments?post=10620"}],"version-history":[{"count":17,"href":"https:\/\/www.verticeservices.com\/pt-br\/wp-json\/wp\/v2\/pages\/10620\/revisions"}],"predecessor-version":[{"id":10710,"href":"https:\/\/www.verticeservices.com\/pt-br\/wp-json\/wp\/v2\/pages\/10620\/revisions\/10710"}],"wp:attachment":[{"href":"https:\/\/www.verticeservices.com\/pt-br\/wp-json\/wp\/v2\/media?parent=10620"}],"curies":[{"name":"wp","href":"https:\/\/api.w.org\/{rel}","templated":true}]}}