{"id":10666,"date":"2026-03-25T01:51:21","date_gmt":"2026-03-25T01:51:21","guid":{"rendered":"https:\/\/www.verticeservices.com\/?page_id=10666"},"modified":"2026-03-25T17:46:12","modified_gmt":"2026-03-25T17:46:12","slug":"webinario-ltd","status":"publish","type":"page","link":"https:\/\/www.verticeservices.com\/pt-br\/webinario-ltd\/","title":{"rendered":"Webinario LTD"},"content":{"rendered":"\t\t<div data-elementor-type=\"wp-page\" data-elementor-id=\"10666\" class=\"elementor elementor-10666\" data-elementor-post-type=\"page\">\n\t\t\t\t<div class=\"elementor-element elementor-element-4ec8ff1 e-flex e-con-boxed e-con e-parent\" data-id=\"4ec8ff1\" data-element_type=\"container\" data-e-type=\"container\" data-settings=\"{&quot;background_background&quot;:&quot;classic&quot;}\" fetchpriority=\"high\">\n\t\t\t\t\t<div class=\"e-con-inner\">\n\t\t\t\t<div class=\"elementor-element elementor-element-50b786e elementor-widget elementor-widget-image\" data-id=\"50b786e\" data-element_type=\"widget\" data-e-type=\"widget\" data-widget_type=\"image.default\">\n\t\t\t\t\t\t\t\t\t\t\t\t\t\t\t<img decoding=\"async\" width=\"234\" height=\"67\" src=\"https:\/\/www.verticeservices.com\/wp-content\/uploads\/2026\/01\/logo-vertice-dark-1.png\" class=\"attachment-full size-full wp-image-10390\" alt=\"\" title=\"\">\t\t\t\t\t\t\t\t\t\t\t\t\t\t\t<\/div>\n\t\t\t\t<div class=\"elementor-element elementor-element-7e49730 elementor-widget elementor-widget-heading\" data-id=\"7e49730\" data-element_type=\"widget\" data-e-type=\"widget\" data-widget_type=\"heading.default\">\n\t\t\t\t\t<h2 class=\"elementor-heading-title elementor-size-default\">Webin\u00e1rio Gratuito<\/h2>\t\t\t\t<\/div>\n\t\t\t\t<div class=\"elementor-element elementor-element-d761fab elementor-widget__width-initial elementor-widget elementor-widget-heading\" data-id=\"d761fab\" data-element_type=\"widget\" data-e-type=\"widget\" data-widget_type=\"heading.default\">\n\t\t\t\t\t<h2 class=\"elementor-heading-title elementor-size-default\"><font color=\"#1f265f\"><span style=\"text-transform: uppercase\"><b>\n  UK Limited Company Starter Session:\n  <\/b><\/span><\/font>\n  <span>\n  O que voc\u00ea precisa saber antes de constituir sua empresa.\n  <\/span>\n\n<\/h2>\t\t\t\t<\/div>\n\t\t\t\t<div class=\"elementor-element elementor-element-555801e elementor-widget__width-initial elementor-widget elementor-widget-text-editor\" data-id=\"555801e\" data-element_type=\"widget\" data-e-type=\"widget\" data-widget_type=\"text-editor.default\">\n\t\t\t\t\t\t\t\t\t<p>Assista agora a grava\u00e7\u00e3o do Webin\u00e1rio de Ter\u00e7a-Feira, 24 de Mar\u00e7o de 2026 com o especialista em Tributa\u00e7\u00e3o UK, Rodolfo Bas\u00edlio.<\/p>\t\t\t\t\t\t\t\t<\/div>\n\t\t<div class=\"elementor-element elementor-element-a4fbffa e-con-full e-flex e-con e-child\" data-id=\"a4fbffa\" data-element_type=\"container\" data-e-type=\"container\">\n\t\t\t\t<div class=\"elementor-element elementor-element-e1189ae elementor-widget elementor-widget-html\" data-id=\"e1189ae\" data-element_type=\"widget\" data-e-type=\"widget\" data-widget_type=\"html.default\">\n\t\t\t\t\t<div class=\"video-wrapper\">\r\n  <iframe \r\n    src=\"https:\/\/www.youtube.com\/embed\/x9yMlhaRkwI?si=OPWH1Czpl1gpx_Ci\"\r\n    title=\"YouTube video player\"\r\n    frameborder=\"0\"\r\n    allow=\"accelerometer; autoplay; clipboard-write; encrypted-media; gyroscope; picture-in-picture; web-share\"\r\n    allowfullscreen>\r\n  <\/iframe>\r\n<\/div>\t\t\t\t<\/div>\n\t\t\t\t<\/div>\n\t\t\t\t<div class=\"elementor-element elementor-element-5a85604 elementor-mobile-align-center elementor-widget-mobile__width-initial elementor-hidden-desktop elementor-hidden-tablet elementor-hidden-mobile elementor-widget elementor-widget-button\" data-id=\"5a85604\" data-element_type=\"widget\" data-e-type=\"widget\" data-widget_type=\"button.default\">\n\t\t\t\t\t\t\t\t\t\t<a class=\"elementor-button elementor-button-link elementor-size-sm\" href=\"https:\/\/www.verticeservices.com\/contact\/\">\n\t\t\t\t\t\t<span class=\"elementor-button-content-wrapper\">\n\t\t\t\t\t\t\t\t\t<span class=\"elementor-button-text\">Agende sua consulta GRATUITAMENTE!<\/span>\n\t\t\t\t\t<\/span>\n\t\t\t\t\t<\/a>\n\t\t\t\t\t\t\t\t<\/div>\n\t\t\t\t\t<\/div>\n\t\t\t\t<\/div>\n\t\t<div class=\"elementor-element elementor-element-e6e39fd e-flex e-con-boxed e-con e-parent\" data-id=\"e6e39fd\" data-element_type=\"container\" data-e-type=\"container\" data-settings=\"{&quot;background_background&quot;:&quot;classic&quot;}\">\n\t\t\t\t\t<div class=\"e-con-inner\">\n\t\t\t\t<div class=\"elementor-element elementor-element-27dc75e elementor-widget-tablet__width-initial elementor-widget__width-initial elementor-widget elementor-widget-heading\" data-id=\"27dc75e\" data-element_type=\"widget\" data-e-type=\"widget\" data-widget_type=\"heading.default\">\n\t\t\t\t\t<h2 class=\"elementor-heading-title elementor-size-default\">\n  \n<span> \n  Agende sua consulta\n  <\/span>\n\n\n<span style=\"color: #1F265F;font-weight: 700;text-transform: uppercase\">\n    gratuitamente \n  <\/span>\n  <\/h2>\t\t\t\t<\/div>\n\t\t<div class=\"elementor-element elementor-element-88e9359 e-con-full e-flex e-con e-child\" data-id=\"88e9359\" data-element_type=\"container\" data-e-type=\"container\">\n\t\t\t\t<div class=\"elementor-element elementor-element-6d5f0fd elementor-widget elementor-widget-html\" data-id=\"6d5f0fd\" data-element_type=\"widget\" data-e-type=\"widget\" data-widget_type=\"html.default\">\n\t\t\t\t\t<script src=\"https:\/\/js.hsforms.net\/forms\/embed\/4423948.js\" defer><\/script>\n<div class=\"hs-form-frame\" data-region=\"na1\" data-form-id=\"b1ce6400-596b-4b01-9c3c-5f44101aff32\" data-portal-id=\"4423948\"><\/div>\t\t\t\t<\/div>\n\t\t\t\t<\/div>\n\t\t\t\t\t<\/div>\n\t\t\t\t<\/div>\n\t\t<div class=\"elementor-element elementor-element-dfd259b e-flex e-con-boxed e-con e-parent\" data-id=\"dfd259b\" data-element_type=\"container\" data-e-type=\"container\" data-settings=\"{&quot;background_background&quot;:&quot;classic&quot;}\">\n\t\t\t\t\t<div class=\"e-con-inner\">\n\t\t<div class=\"elementor-element elementor-element-f847a71 e-con-full e-flex e-con e-child\" data-id=\"f847a71\" data-element_type=\"container\" data-e-type=\"container\">\n\t\t\t\t<div class=\"elementor-element elementor-element-97d6aaf elementor-widget elementor-widget-heading\" data-id=\"97d6aaf\" data-element_type=\"widget\" data-e-type=\"widget\" data-widget_type=\"heading.default\">\n\t\t\t\t\t<h2 class=\"elementor-heading-title elementor-size-default\">Seu Especialista<\/h2>\t\t\t\t<\/div>\n\t\t\t\t<div class=\"elementor-element elementor-element-7f1bf9c elementor-widget elementor-widget-heading\" data-id=\"7f1bf9c\" data-element_type=\"widget\" data-e-type=\"widget\" data-widget_type=\"heading.default\">\n\t\t\t\t\t<h2 class=\"elementor-heading-title elementor-size-default\">Rodolfo Basilio<\/h2>\t\t\t\t<\/div>\n\t\t\t\t<div class=\"elementor-element elementor-element-6ec148e elementor-widget elementor-widget-heading\" data-id=\"6ec148e\" data-element_type=\"widget\" data-e-type=\"widget\" data-widget_type=\"heading.default\">\n\t\t\t\t\t<h2 class=\"elementor-heading-title elementor-size-default\">Especialista em Tributa\u00e7\u00e3o UK<\/h2>\t\t\t\t<\/div>\n\t\t<div class=\"elementor-element elementor-element-e49405d e-con-full e-flex e-con e-child\" data-id=\"e49405d\" data-element_type=\"container\" data-e-type=\"container\">\n\t\t\t\t<div class=\"elementor-element elementor-element-fabc08e elementor-position-inline-start elementor-view-default elementor-mobile-position-block-start elementor-widget elementor-widget-icon-box\" data-id=\"fabc08e\" data-element_type=\"widget\" data-e-type=\"widget\" data-widget_type=\"icon-box.default\">\n\t\t\t\t\t\t\t<div class=\"elementor-icon-box-wrapper\">\n\n\t\t\t\t\t\t<div class=\"elementor-icon-box-icon\">\n\t\t\t\t<span  class=\"elementor-icon\">\n\t\t\t\t\t\t\t\t<\/span>\n\t\t\t<\/div>\n\t\t\t\n\t\t\t\t\t\t<div class=\"elementor-icon-box-content\">\n\n\t\t\t\t\t\t\t\t\t<h3 class=\"elementor-icon-box-title\">\n\t\t\t\t\t\t<span  >\n\t\t\t\t\t\t\tForma\u00e7\u00e3o Especializada\t\t\t\t\t\t<\/span>\n\t\t\t\t\t<\/h3>\n\t\t\t\t\n\t\t\t\t\t\t\t\t\t<p class=\"elementor-icon-box-description\">\n\t\t\t\t\t\tEspecialista em tributa\u00e7\u00e3o internacional com foco no sistema fiscal brit\u00e2nico.\t\t\t\t\t<\/p>\n\t\t\t\t\n\t\t\t<\/div>\n\t\t\t\n\t\t<\/div>\n\t\t\t\t\t\t<\/div>\n\t\t\t\t<div class=\"elementor-element elementor-element-5b54318 elementor-position-inline-start elementor-view-default elementor-mobile-position-block-start elementor-widget elementor-widget-icon-box\" data-id=\"5b54318\" data-element_type=\"widget\" data-e-type=\"widget\" data-widget_type=\"icon-box.default\">\n\t\t\t\t\t\t\t<div class=\"elementor-icon-box-wrapper\">\n\n\t\t\t\t\t\t<div class=\"elementor-icon-box-icon\">\n\t\t\t\t<span  class=\"elementor-icon\">\n\t\t\t\t\t\t\t\t<\/span>\n\t\t\t<\/div>\n\t\t\t\n\t\t\t\t\t\t<div class=\"elementor-icon-box-content\">\n\n\t\t\t\t\t\t\t\t\t<h3 class=\"elementor-icon-box-title\">\n\t\t\t\t\t\t<span  >\n\t\t\t\t\t\t\tExperi\u00eancia Comprovada\t\t\t\t\t\t<\/span>\n\t\t\t\t\t<\/h3>\n\t\t\t\t\n\t\t\t\t\t\t\t\t\t<p class=\"elementor-icon-box-description\">\n\t\t\t\t\t\tMais de 20 anos ajudando brasileiros a se adequarem \u00e0s regras fiscais do Reino Unido.\t\t\t\t\t<\/p>\n\t\t\t\t\n\t\t\t<\/div>\n\t\t\t\n\t\t<\/div>\n\t\t\t\t\t\t<\/div>\n\t\t\t\t<div class=\"elementor-element elementor-element-f059e55 elementor-position-inline-start elementor-view-default elementor-mobile-position-block-start elementor-widget elementor-widget-icon-box\" data-id=\"f059e55\" data-element_type=\"widget\" data-e-type=\"widget\" data-widget_type=\"icon-box.default\">\n\t\t\t\t\t\t\t<div class=\"elementor-icon-box-wrapper\">\n\n\t\t\t\t\t\t<div class=\"elementor-icon-box-icon\">\n\t\t\t\t<span  class=\"elementor-icon\">\n\t\t\t\t\t\t\t\t<\/span>\n\t\t\t<\/div>\n\t\t\t\n\t\t\t\t\t\t<div class=\"elementor-icon-box-content\">\n\n\t\t\t\t\t\t\t\t\t<h3 class=\"elementor-icon-box-title\">\n\t\t\t\t\t\t<span  >\n\t\t\t\t\t\t\tReconhecimento\t\t\t\t\t\t<\/span>\n\t\t\t\t\t<\/h3>\n\t\t\t\t\n\t\t\t\t\t\t\t\t\t<p class=\"elementor-icon-box-description\">\n\t\t\t\t\t\tConsultor de refer\u00eancia para a comunidade brasileira no UK em quest\u00f5es tribut\u00e1rias.\t\t\t\t\t<\/p>\n\t\t\t\t\n\t\t\t<\/div>\n\t\t\t\n\t\t<\/div>\n\t\t\t\t\t\t<\/div>\n\t\t\t\t<div class=\"elementor-element elementor-element-14a52cf elementor-position-inline-start elementor-view-default elementor-mobile-position-block-start elementor-widget elementor-widget-icon-box\" data-id=\"14a52cf\" data-element_type=\"widget\" data-e-type=\"widget\" data-widget_type=\"icon-box.default\">\n\t\t\t\t\t\t\t<div class=\"elementor-icon-box-wrapper\">\n\n\t\t\t\t\t\t<div class=\"elementor-icon-box-icon\">\n\t\t\t\t<span  class=\"elementor-icon\">\n\t\t\t\t\t\t\t\t<\/span>\n\t\t\t<\/div>\n\t\t\t\n\t\t\t\t\t\t<div class=\"elementor-icon-box-content\">\n\n\t\t\t\t\t\t\t\t\t<h3 class=\"elementor-icon-box-title\">\n\t\t\t\t\t\t<span  >\n\t\t\t\t\t\t\tEspecializa\u00e7\u00e3o Atual\t\t\t\t\t\t<\/span>\n\t\t\t\t\t<\/h3>\n\t\t\t\t\n\t\t\t\t\t\t\t\t\t<p class=\"elementor-icon-box-description\">\n\t\t\t\t\t\tExpert no novo regime Foreign Income Gains e suas implica\u00e7\u00f5es para brasileiros.\t\t\t\t\t<\/p>\n\t\t\t\t\n\t\t\t<\/div>\n\t\t\t\n\t\t<\/div>\n\t\t\t\t\t\t<\/div>\n\t\t\t\t<\/div>\n\t\t\t\t<\/div>\n\t\t<div class=\"elementor-element elementor-element-cbb1fc5 e-con-full e-flex e-con e-child\" data-id=\"cbb1fc5\" data-element_type=\"container\" data-e-type=\"container\">\n\t\t\t\t<div class=\"elementor-element elementor-element-c3b9c7e elementor-widget-tablet__width-initial elementor-widget elementor-widget-image\" data-id=\"c3b9c7e\" data-element_type=\"widget\" data-e-type=\"widget\" data-widget_type=\"image.default\">\n\t\t\t\t\t\t\t\t\t\t\t\t\t\t\t<img fetchpriority=\"high\" decoding=\"async\" width=\"522\" height=\"690\" src=\"https:\/\/www.verticeservices.com\/wp-content\/uploads\/2026\/02\/Foto-Rodolfo-1-1.webp\" class=\"attachment-full size-full wp-image-10543\" alt=\"\" srcset=\"https:\/\/www.verticeservices.com\/wp-content\/uploads\/2026\/02\/Foto-Rodolfo-1-1.webp 522w, https:\/\/www.verticeservices.com\/wp-content\/uploads\/2026\/02\/Foto-Rodolfo-1-1-227x300.webp 227w\" sizes=\"(max-width: 522px) 100vw, 522px\" title=\"\">\t\t\t\t\t\t\t\t\t\t\t\t\t\t\t<\/div>\n\t\t\t\t<\/div>\n\t\t\t\t\t<\/div>\n\t\t\t\t<\/div>\n\t\t<div class=\"elementor-element elementor-element-18f7916 e-flex e-con-boxed e-con e-parent\" data-id=\"18f7916\" data-element_type=\"container\" data-e-type=\"container\" data-settings=\"{&quot;background_background&quot;:&quot;classic&quot;}\">\n\t\t\t\t\t<div class=\"e-con-inner\">\n\t\t<div class=\"elementor-element elementor-element-6442a97 e-con-full e-flex e-con e-child\" data-id=\"6442a97\" data-element_type=\"container\" data-e-type=\"container\">\n\t\t\t\t<div class=\"elementor-element elementor-element-9bc29ea elementor-widget__width-initial elementor-widget elementor-widget-heading\" data-id=\"9bc29ea\" data-element_type=\"widget\" data-e-type=\"widget\" data-widget_type=\"heading.default\">\n\t\t\t\t\t<h2 class=\"elementor-heading-title elementor-size-default\">@2026 Vertice Services. Todos os direitos reservados<\/h2>\t\t\t\t<\/div>\n\t\t\t\t<div class=\"elementor-element elementor-element-e08ef72 elementor-widget__width-initial elementor-widget elementor-widget-heading\" data-id=\"e08ef72\" data-element_type=\"widget\" data-e-type=\"widget\" data-widget_type=\"heading.default\">\n\t\t\t\t\t<h2 class=\"elementor-heading-title elementor-size-default\"><a href=\"https:\/\/www.verticeservices.com\/cookie-policy\/\">Pol\u00edtica De Privacidade<\/a><\/h2>\t\t\t\t<\/div>\n\t\t\t\t<div class=\"elementor-element elementor-element-b2de229 elementor-widget__width-initial elementor-widget elementor-widget-heading\" data-id=\"b2de229\" data-element_type=\"widget\" data-e-type=\"widget\" data-widget_type=\"heading.default\">\n\t\t\t\t\t<h2 class=\"elementor-heading-title elementor-size-default\"><a href=\"https:\/\/www.verticeservices.com\/terms-conditions\/\">Termos de Uso<\/a><\/h2>\t\t\t\t<\/div>\n\t\t\t\t<\/div>\n\t\t\t\t\t<\/div>\n\t\t\t\t<\/div>\n\t\t\t\t<\/div>\n\t\t","protected":false},"excerpt":{"rendered":"<p>Webin\u00e1rio Gratuito UK Limited Company Starter Session: O que voc\u00ea precisa saber antes de constituir sua empresa. Assista agora a grava\u00e7\u00e3o do Webin\u00e1rio de Ter\u00e7a-Feira, 24 de Mar\u00e7o de 2026 com o especialista em Tributa\u00e7\u00e3o UK, Rodolfo Bas\u00edlio. Agende sua consulta GRATUITAMENTE! Agende sua consulta gratuitamente Seu Especialista Rodolfo Basilio Especialista em Tributa\u00e7\u00e3o UK Forma\u00e7\u00e3o [&hellip;]<\/p>\n","protected":false},"author":10,"featured_media":0,"parent":0,"menu_order":0,"comment_status":"closed","ping_status":"closed","template":"elementor_canvas","meta":{"content-type":"","footnotes":""},"class_list":["post-10666","page","type-page","status-publish","hentry"],"_links":{"self":[{"href":"https:\/\/www.verticeservices.com\/pt-br\/wp-json\/wp\/v2\/pages\/10666","targetHints":{"allow":["GET"]}}],"collection":[{"href":"https:\/\/www.verticeservices.com\/pt-br\/wp-json\/wp\/v2\/pages"}],"about":[{"href":"https:\/\/www.verticeservices.com\/pt-br\/wp-json\/wp\/v2\/types\/page"}],"author":[{"embeddable":true,"href":"https:\/\/www.verticeservices.com\/pt-br\/wp-json\/wp\/v2\/users\/10"}],"replies":[{"embeddable":true,"href":"https:\/\/www.verticeservices.com\/pt-br\/wp-json\/wp\/v2\/comments?post=10666"}],"version-history":[{"count":19,"href":"https:\/\/www.verticeservices.com\/pt-br\/wp-json\/wp\/v2\/pages\/10666\/revisions"}],"predecessor-version":[{"id":10696,"href":"https:\/\/www.verticeservices.com\/pt-br\/wp-json\/wp\/v2\/pages\/10666\/revisions\/10696"}],"wp:attachment":[{"href":"https:\/\/www.verticeservices.com\/pt-br\/wp-json\/wp\/v2\/media?parent=10666"}],"curies":[{"name":"wp","href":"https:\/\/api.w.org\/{rel}","templated":true}]}}