{"id":6107,"date":"2023-10-28T13:58:09","date_gmt":"2023-10-28T12:58:09","guid":{"rendered":"https:\/\/www.verticeservices.com\/que-ajuda-o-governo-do-reino-unido-lhe-esta-a-oferecer-devido-ao-surto-de-covid-19\/"},"modified":"2023-10-28T13:58:17","modified_gmt":"2023-10-28T12:58:17","slug":"que-ajuda-o-governo-do-reino-unido-lhe-esta-a-oferecer-devido-ao-surto-de-covid-19","status":"publish","type":"page","link":"https:\/\/www.verticeservices.com\/pt-br\/que-ajuda-o-governo-do-reino-unido-lhe-esta-a-oferecer-devido-ao-surto-de-covid-19\/","title":{"rendered":"Que ajuda o Governo do Reino Unido lhe est\u00e1 a oferecer devido ao surto de COVID-19?"},"content":{"rendered":"&#13;\n<h4 class=\"wp-block-heading\">O surto de COVID-19 levou o Governo brit\u00e2nico a criar muitas formas de apoiar a economia no Reino Unido, abrangendo a grande maioria das pessoas no pa\u00eds. Resumimos a seguir todas as op\u00e7\u00f5es dispon\u00edveis.<\/h4>&#13;\n&#13;\n<h4 class=\"wp-block-heading\">Lembre-se que n\u00e3o est\u00e1 sozinho, estamos aqui para o ajudar a obter a ajuda de que necessita. Por isso, entre em contacto para obter mais informa\u00e7\u00f5es e formas de obter apoio.<\/h4>&#13;\n&#13;\n<h2 class=\"wp-block-heading\">Para trabalhadores independentes<\/h2>&#13;\n&#13;\n<ul class=\"wp-block-list\">&#13;\n<li><strong>Regime de apoio ao rendimento<\/strong>dos trabalhadores independentes <strong><br\/> Para os trabalhadores independentes eleg\u00edveis que apresentaram uma declara\u00e7\u00e3o de impostos para 2018-2019: uma subven\u00e7\u00e3o tribut\u00e1vel no valor de 80% dos seus lucros mensais m\u00e9dios dos \u00faltimos 3 anos, at\u00e9 \u00a32.500 por m\u00eas<\/strong><\/li>&#13;\n<li><strong>\n  <a href=\"https:\/\/www.gov.uk\/universal-credit\" target=\"_blank\" rel=\"noreferrer noopener\" aria-label=\" (opens in a new tab)\">Benef\u00edcio de cr\u00e9dito universal<br\/><\/a>\n<\/strong>Para os trabalhadores independentes que foram atingidos pelo surto e tiveram a sua atividade interrompida, provocando uma quebra de rendimentos. Estes profissionais podem beneficiar de um apoio financeiro mensal para se manterem  <\/li>&#13;\n<li><strong>\n  <a href=\"https:\/\/www.gov.uk\/government\/publications\/guidance-to-employers-and-businesses-about-covid-19\/covid-19-support-for-businesses#support-for-businesses-through-deferring-vat-and-income-tax-payments\" target=\"_blank\" rel=\"noreferrer noopener\" aria-label=\" (opens in a new tab)\">Esquema Time To Pay do HMRC <br\/><\/a>\n<\/strong>Para empresas e trabalhadores independentes em dificuldades financeiras e que devem dinheiro ao HMRC. Estas empresas e indiv\u00edduos podem ser eleg\u00edveis para apoio, por exemplo, um prazo mais alargado para reembolsar as suas d\u00edvidas.<\/li>&#13;\n<\/ul>&#13;\n\r\n<div class=\"wp-block-spacer\" style=\"height: 26px;\" aria-hidden=\"true\">\u00a0<\/div>\r\n&#13;\n<h2 class=\"wp-block-heading\">Para as pequenas empresas<\/h2>&#13;\n&#13;\n<h4 class=\"wp-block-heading\">Ver mais pormenores em &gt;&gt;&gt; <a href=\"https:\/\/www.verticeservices.com\/has-your-business-in-the-uk-been-financially-affected-by-coronavirus-covid-19-what-kind-of-support-is-available-to-you\/\" target=\"_blank\" rel=\"noreferrer noopener\" aria-label=\" (opens in a new tab)\">nesta p\u00e1gina dedicada<\/a> &lt;&lt;&lt;<\/h4>&#13;\n&#13;\n<ul class=\"wp-block-list\">&#13;\n<li><strong>Coronavirus Business Interruption Loan Scheme <br\/><\/strong>Este esquema oferece empr\u00e9stimos de at\u00e9 \u00a35 milh\u00f5es para PMEs atrav\u00e9s do British Business Bank<\/li>&#13;\n<li><strong>\n  <a href=\"https:\/\/www.verticeservices.com\/pt-br\/retencao-de-empregos-por-coronavirus\/\" target=\"_blank\" rel=\"noreferrer noopener\" aria-label=\" (opens in a new tab)\">Esquema de reten\u00e7\u00e3o de empregos por causa do coronav\u00edrus<br\/><\/a>\n<\/strong>O governo ofereceu-se para pagar 80% dos sal\u00e1rios dos funcion\u00e1rios que foram dispensados.<\/li>&#13;\n<li><strong>Subs\u00eddios de \u00a310.000 para pequenas empresas<br\/><\/strong>O Small Business Grant Scheme destina-se a empresas que beneficiam de Small Business Rate Relief ou Rural Rate Relief.<\/li>&#13;\n<li><strong>Subs\u00eddios de \u00a310.000 ou \u00a325.000 para empresas de retalho, hotelaria e lazer<br\/><\/strong>O Retail and Hospitality Grant Scheme destina-se a empresas destes sectores com propriedades com um valor tribut\u00e1vel entre \u00a315.000 e \u00a351.000.  <\/li>&#13;\n<li><strong>\n  <a href=\"https:\/\/www.gov.uk\/government\/publications\/guidance-to-employers-and-businesses-about-covid-19\/covid-19-support-for-businesses#support-for-retail-hospitality-and-leisure-businesses-that-pay-business-rates\" target=\"_blank\" rel=\"noreferrer noopener\" aria-label=\" (opens in a new tab)\">Isen\u00e7\u00e3o de taxas para o com\u00e9rcio a retalho, a hotelaria e o lazer<br\/><\/a>\n<\/strong>As empresas destes sectores e sediadas em Inglaterra n\u00e3o pagar\u00e3o taxas comerciais no ano fiscal de 2020-2021. N\u00e3o tem de fazer nada &#8211; ser\u00e1 aplicado na sua fatura do imposto municipal em abril de 2020. Existem regimes de redu\u00e7\u00e3o das taxas nos outros pa\u00edses do Reino Unido, mas os pormenores s\u00e3o diferentes: <a href=\"https:\/\/findbusinesssupport.gov.scot\/coronavirus-advice\/business-rates-and-tax\" target=\"_blank\" rel=\"noopener\">Esc\u00f3cia<\/a>, <a href=\"https:\/\/businesswales.gov.wales\/business-rates-relief-in-wales\" target=\"_blank\" rel=\"noopener\">Pa\u00eds de Gales<\/a> e <a href=\"https:\/\/www.nibusinessinfo.co.uk\/content\/covid-19-emergency-rates-package-businesses\" target=\"_blank\" rel=\"noopener\">Irlanda do Norte<\/a>.<\/li>&#13;\n<li><strong>Redu\u00e7\u00e3o do subs\u00eddio legal de doen\u00e7a para as PME<br\/><\/strong>Para permitir que os empregadores recuperem o subs\u00eddio legal de doen\u00e7a (SSP) que pagam por aus\u00eancia por doen\u00e7a devido \u00e0 Covid-19. Para ser eleg\u00edvel, a sua empresa deve ter menos de 250 trabalhadores em 28 de fevereiro de 2020<\/li>&#13;\n<li><strong>\n  <a href=\"https:\/\/www.gov.uk\/government\/publications\/guidance-to-employers-and-businesses-about-covid-19\/covid-19-support-for-businesses#support-for-businesses-through-deferring-vat-and-income-tax-payments\" target=\"_blank\" rel=\"noreferrer noopener\" aria-label=\" (opens in a new tab)\">Esquema Time To Pay do HMRC <br\/><\/a>\n<\/strong>Para empresas e trabalhadores independentes em dificuldades financeiras e que devem dinheiro ao HMRC. Estas empresas e indiv\u00edduos podem ser eleg\u00edveis para apoio, por exemplo, um prazo mais alargado para reembolsar as suas d\u00edvidas.  <\/li>&#13;\n<li><strong>\n  <a href=\"https:\/\/www.gov.uk\/guidance\/apply-for-the-covid-19-corporate-financing-facility\" target=\"_blank\" rel=\"noreferrer noopener\" aria-label=\" (opens in a new tab)\">Mecanismo de financiamento das empresas contra o coronav\u00edrus<br\/><\/a>\n<\/strong>Para as grandes empresas. O Banco de Inglaterra vai comprar d\u00edvida de curto prazo para apoiar as empresas afectadas por uma crise de financiamento de curto prazo.<\/li>&#13;\n<\/ul>&#13;\n\r\n<div class=\"wp-block-spacer\" style=\"height: 28px;\" aria-hidden=\"true\">\u00a0<\/div>\r\n&#13;\n<h2 class=\"wp-block-heading\">Estamos aqui para o ajudar<\/h2>&#13;\n&#13;\n<p>Se se sentir sobrecarregado com a quantidade de informa\u00e7\u00e3o e simplesmente n\u00e3o souber por onde come\u00e7ar ou como obter exatamente a ajuda de que necessita, deixe os seus dados abaixo e teremos todo o gosto em responder-lhe com ajuda profissional &#8211; sem jarg\u00f5es, apenas em ingl\u00eas simples e claro.<\/p>&#13;\n\n<p><script charset=\"utf-8\" type=\"text\/javascript\" src=\"\/\/js.hsforms.net\/forms\/shell.js\"><\/script> <script>\n  hbspt.forms.create({\n\tportalId: \"4423948\",\n\tformId: \"ccb0734a-d220-4e86-8f7a-5b22f2a8e8d8\"\n});\n<\/script><\/p>\n","protected":false},"excerpt":{"rendered":"<p>&#13; O surto de COVID-19 levou o Governo brit\u00e2nico a criar muitas formas de apoiar a economia no Reino Unido, abrangendo a grande maioria das pessoas no pa\u00eds. Resumimos a seguir todas as op\u00e7\u00f5es dispon\u00edveis. &#13; &#13; Lembre-se que n\u00e3o est\u00e1 sozinho, estamos aqui para o ajudar a obter a ajuda de que necessita. Por [&hellip;]<\/p>\n","protected":false},"author":8,"featured_media":0,"parent":0,"menu_order":67,"comment_status":"closed","ping_status":"closed","template":"","meta":{"content-type":"","footnotes":""},"class_list":["post-6107","page","type-page","status-publish","hentry"],"_links":{"self":[{"href":"https:\/\/www.verticeservices.com\/pt-br\/wp-json\/wp\/v2\/pages\/6107","targetHints":{"allow":["GET"]}}],"collection":[{"href":"https:\/\/www.verticeservices.com\/pt-br\/wp-json\/wp\/v2\/pages"}],"about":[{"href":"https:\/\/www.verticeservices.com\/pt-br\/wp-json\/wp\/v2\/types\/page"}],"author":[{"embeddable":true,"href":"https:\/\/www.verticeservices.com\/pt-br\/wp-json\/wp\/v2\/users\/8"}],"replies":[{"embeddable":true,"href":"https:\/\/www.verticeservices.com\/pt-br\/wp-json\/wp\/v2\/comments?post=6107"}],"version-history":[{"count":0,"href":"https:\/\/www.verticeservices.com\/pt-br\/wp-json\/wp\/v2\/pages\/6107\/revisions"}],"wp:attachment":[{"href":"https:\/\/www.verticeservices.com\/pt-br\/wp-json\/wp\/v2\/media?parent=6107"}],"curies":[{"name":"wp","href":"https:\/\/api.w.org\/{rel}","templated":true}]}}